{"id":30413,"date":"2026-02-15T18:29:08","date_gmt":"2026-02-15T17:29:08","guid":{"rendered":"https:\/\/aurmuse.com\/?post_type=product&#038;p=30413"},"modified":"2026-03-02T16:48:07","modified_gmt":"2026-03-02T15:48:07","slug":"natural-green-sakura-agate-tower-%c2%b7-polished-energy-column-%c2%b7-home-decoration-%c2%b7-crystal-for-meditation-and-collection-copy-copy-copy-copy-copy-copy-copy","status":"publish","type":"product","link":"https:\/\/aurmuse.com\/en\/shop\/natural-green-sakura-agate-tower-%c2%b7-polished-energy-column-%c2%b7-home-decoration-%c2%b7-crystal-for-meditation-and-collection-copy-copy-copy-copy-copy-copy-copy\/","title":{"rendered":"Natural labradorite heart"},"content":{"rendered":"<p><img fetchpriority=\"high\" decoding=\"async\" class=\"wp-image-30422 aligncenter\" src=\"https:\/\/aurmuse.com\/wp-content\/uploads\/2026\/02\/IMG_20260208_154011.jpg\" alt=\"\" width=\"500\" height=\"667\" srcset=\"https:\/\/aurmuse.com\/wp-content\/uploads\/2026\/02\/IMG_20260208_154011.jpg 1920w, https:\/\/aurmuse.com\/wp-content\/uploads\/2026\/02\/IMG_20260208_154011-225x300.jpg 225w, https:\/\/aurmuse.com\/wp-content\/uploads\/2026\/02\/IMG_20260208_154011-768x1024.jpg 768w, https:\/\/aurmuse.com\/wp-content\/uploads\/2026\/02\/IMG_20260208_154011-1152x1536.jpg 1152w, https:\/\/aurmuse.com\/wp-content\/uploads\/2026\/02\/IMG_20260208_154011-1536x2048.jpg 1536w, https:\/\/aurmuse.com\/wp-content\/uploads\/2026\/02\/IMG_20260208_154011-1320x1760.jpg 1320w, https:\/\/aurmuse.com\/wp-content\/uploads\/2026\/02\/IMG_20260208_154011-600x800.jpg 600w\" sizes=\"(max-width: 500px) 100vw, 500px\" \/><\/p>\n<p style=\"text-align: center;\"><img decoding=\"async\" class=\"wp-image-30418\" src=\"https:\/\/aurmuse.com\/wp-content\/uploads\/2026\/02\/IMG_20260208_153837.jpg\" alt=\"\" width=\"500\" height=\"574\" srcset=\"https:\/\/aurmuse.com\/wp-content\/uploads\/2026\/02\/IMG_20260208_153837.jpg 2229w, https:\/\/aurmuse.com\/wp-content\/uploads\/2026\/02\/IMG_20260208_153837-261x300.jpg 261w, https:\/\/aurmuse.com\/wp-content\/uploads\/2026\/02\/IMG_20260208_153837-892x1024.jpg 892w, https:\/\/aurmuse.com\/wp-content\/uploads\/2026\/02\/IMG_20260208_153837-768x882.jpg 768w, https:\/\/aurmuse.com\/wp-content\/uploads\/2026\/02\/IMG_20260208_153837-1337x1536.jpg 1337w, https:\/\/aurmuse.com\/wp-content\/uploads\/2026\/02\/IMG_20260208_153837-1783x2048.jpg 1783w, https:\/\/aurmuse.com\/wp-content\/uploads\/2026\/02\/IMG_20260208_153837-1320x1516.jpg 1320w, https:\/\/aurmuse.com\/wp-content\/uploads\/2026\/02\/IMG_20260208_153837-600x689.jpg 600w\" sizes=\"(max-width: 500px) 100vw, 500px\" \/><\/p>\n<p style=\"text-align: center;\"><img decoding=\"async\" class=\"wp-image-30419\" src=\"https:\/\/aurmuse.com\/wp-content\/uploads\/2026\/02\/IMG_20260208_153857.jpg\" alt=\"\" width=\"500\" height=\"546\" srcset=\"https:\/\/aurmuse.com\/wp-content\/uploads\/2026\/02\/IMG_20260208_153857.jpg 2344w, https:\/\/aurmuse.com\/wp-content\/uploads\/2026\/02\/IMG_20260208_153857-275x300.jpg 275w, https:\/\/aurmuse.com\/wp-content\/uploads\/2026\/02\/IMG_20260208_153857-938x1024.jpg 938w, https:\/\/aurmuse.com\/wp-content\/uploads\/2026\/02\/IMG_20260208_153857-768x839.jpg 768w, https:\/\/aurmuse.com\/wp-content\/uploads\/2026\/02\/IMG_20260208_153857-1406x1536.jpg 1406w, https:\/\/aurmuse.com\/wp-content\/uploads\/2026\/02\/IMG_20260208_153857-1875x2048.jpg 1875w, https:\/\/aurmuse.com\/wp-content\/uploads\/2026\/02\/IMG_20260208_153857-1320x1442.jpg 1320w, https:\/\/aurmuse.com\/wp-content\/uploads\/2026\/02\/IMG_20260208_153857-600x655.jpg 600w\" sizes=\"(max-width: 500px) 100vw, 500px\" \/><\/p>\n<p style=\"text-align: center;\"><img loading=\"lazy\" decoding=\"async\" class=\"wp-image-30420\" src=\"https:\/\/aurmuse.com\/wp-content\/uploads\/2026\/02\/IMG_20260208_153925.jpg\" alt=\"\" width=\"500\" height=\"500\" srcset=\"https:\/\/aurmuse.com\/wp-content\/uploads\/2026\/02\/IMG_20260208_153925.jpg 2560w, https:\/\/aurmuse.com\/wp-content\/uploads\/2026\/02\/IMG_20260208_153925-300x300.jpg 300w, https:\/\/aurmuse.com\/wp-content\/uploads\/2026\/02\/IMG_20260208_153925-1024x1024.jpg 1024w, https:\/\/aurmuse.com\/wp-content\/uploads\/2026\/02\/IMG_20260208_153925-150x150.jpg 150w, https:\/\/aurmuse.com\/wp-content\/uploads\/2026\/02\/IMG_20260208_153925-768x768.jpg 768w, https:\/\/aurmuse.com\/wp-content\/uploads\/2026\/02\/IMG_20260208_153925-1536x1536.jpg 1536w, https:\/\/aurmuse.com\/wp-content\/uploads\/2026\/02\/IMG_20260208_153925-2048x2048.jpg 2048w, https:\/\/aurmuse.com\/wp-content\/uploads\/2026\/02\/IMG_20260208_153925-1320x1320.jpg 1320w, https:\/\/aurmuse.com\/wp-content\/uploads\/2026\/02\/IMG_20260208_153925-100x100.jpg 100w, https:\/\/aurmuse.com\/wp-content\/uploads\/2026\/02\/IMG_20260208_153925-200x200.jpg 200w, https:\/\/aurmuse.com\/wp-content\/uploads\/2026\/02\/IMG_20260208_153925-400x400.jpg 400w, https:\/\/aurmuse.com\/wp-content\/uploads\/2026\/02\/IMG_20260208_153925-500x500.jpg 500w, https:\/\/aurmuse.com\/wp-content\/uploads\/2026\/02\/IMG_20260208_153925-600x600.jpg 600w\" sizes=\"(max-width: 500px) 100vw, 500px\" \/><\/p>\n<p><img loading=\"lazy\" decoding=\"async\" class=\"wp-image-30421 aligncenter\" src=\"https:\/\/aurmuse.com\/wp-content\/uploads\/2026\/02\/IMG_20260208_153946.jpg\" alt=\"\" width=\"500\" height=\"667\" srcset=\"https:\/\/aurmuse.com\/wp-content\/uploads\/2026\/02\/IMG_20260208_153946.jpg 1920w, https:\/\/aurmuse.com\/wp-content\/uploads\/2026\/02\/IMG_20260208_153946-225x300.jpg 225w, https:\/\/aurmuse.com\/wp-content\/uploads\/2026\/02\/IMG_20260208_153946-768x1024.jpg 768w, https:\/\/aurmuse.com\/wp-content\/uploads\/2026\/02\/IMG_20260208_153946-1152x1536.jpg 1152w, https:\/\/aurmuse.com\/wp-content\/uploads\/2026\/02\/IMG_20260208_153946-1536x2048.jpg 1536w, https:\/\/aurmuse.com\/wp-content\/uploads\/2026\/02\/IMG_20260208_153946-1320x1760.jpg 1320w, https:\/\/aurmuse.com\/wp-content\/uploads\/2026\/02\/IMG_20260208_153946-600x800.jpg 600w\" sizes=\"(max-width: 500px) 100vw, 500px\" \/><\/p>\n","protected":false},"excerpt":{"rendered":"<div class=\"u-text-wrap\">\n<p>Heart carved from natural labradorite, a unique piece with the characteristic reflections of this mineral.<br \/>\n36 \u00d7 33 \u00d7 16 mm<br \/>\n26 g<br \/>\nI will give you an additional transparent acrylic stand as a gift.<\/p>\n<p>Esta figura en forma de coraz\u00f3n est\u00e1 hecha con **labradorita natural**, mostrando su efecto visual \u00fanico dependiendo de la luz. Es ideal como elemento decorativo, para colecci\u00f3n o como un regalo especial. <\/p>\n<p>\ud83d\udc8e Meaning of labradorite: associated with intuition, protection, and balancing energy, bringing a sense of calm and focus.<\/p>\n<\/div>\n","protected":false},"featured_media":30428,"comment_status":"open","ping_status":"closed","template":"","meta":{"_eb_attr":"","content-type":"","_monsterinsights_skip_tracking":false,"_monsterinsights_sitenote_active":false,"_monsterinsights_sitenote_note":"","_monsterinsights_sitenote_category":0,"_themeisle_gutenberg_block_has_review":false},"product_brand":[],"product_cat":[796,797],"product_tag":[],"class_list":{"0":"post-30413","1":"product","2":"type-product","3":"status-publish","4":"has-post-thumbnail","6":"product_cat-crystals-energy","7":"product_cat-energy-crystals","9":"first","10":"instock","11":"shipping-taxable","12":"purchasable","13":"product-type-simple"},"aioseo_notices":[],"jetpack_sharing_enabled":true,"_links":{"self":[{"href":"https:\/\/aurmuse.com\/en\/wp-json\/wp\/v2\/product\/30413","targetHints":{"allow":["GET"]}}],"collection":[{"href":"https:\/\/aurmuse.com\/en\/wp-json\/wp\/v2\/product"}],"about":[{"href":"https:\/\/aurmuse.com\/en\/wp-json\/wp\/v2\/types\/product"}],"replies":[{"embeddable":true,"href":"https:\/\/aurmuse.com\/en\/wp-json\/wp\/v2\/comments?post=30413"}],"version-history":[{"count":2,"href":"https:\/\/aurmuse.com\/en\/wp-json\/wp\/v2\/product\/30413\/revisions"}],"predecessor-version":[{"id":30979,"href":"https:\/\/aurmuse.com\/en\/wp-json\/wp\/v2\/product\/30413\/revisions\/30979"}],"wp:featuredmedia":[{"embeddable":true,"href":"https:\/\/aurmuse.com\/en\/wp-json\/wp\/v2\/media\/30428"}],"wp:attachment":[{"href":"https:\/\/aurmuse.com\/en\/wp-json\/wp\/v2\/media?parent=30413"}],"wp:term":[{"taxonomy":"product_brand","embeddable":true,"href":"https:\/\/aurmuse.com\/en\/wp-json\/wp\/v2\/product_brand?post=30413"},{"taxonomy":"product_cat","embeddable":true,"href":"https:\/\/aurmuse.com\/en\/wp-json\/wp\/v2\/product_cat?post=30413"},{"taxonomy":"product_tag","embeddable":true,"href":"https:\/\/aurmuse.com\/en\/wp-json\/wp\/v2\/product_tag?post=30413"}],"curies":[{"name":"wp","href":"https:\/\/api.w.org\/{rel}","templated":true}]}}