{"id":30431,"date":"2026-02-15T18:33:48","date_gmt":"2026-02-15T17:33:48","guid":{"rendered":"https:\/\/aurmuse.com\/?post_type=product&#038;p=30431"},"modified":"2026-03-24T19:45:33","modified_gmt":"2026-03-24T18:45:33","slug":"natural-green-sakura-agate-tower-%c2%b7-polished-energy-column-%c2%b7-home-decoration-%c2%b7-crystal-for-meditation-and-collection-copy-copy-copy-copy-copy-copy-2","status":"publish","type":"product","link":"https:\/\/aurmuse.com\/en\/shop\/natural-green-sakura-agate-tower-%c2%b7-polished-energy-column-%c2%b7-home-decoration-%c2%b7-crystal-for-meditation-and-collection-copy-copy-copy-copy-copy-copy-2\/","title":{"rendered":"Geoda Amatista Gota &#8220;L\u00e1grima de Amatista&#8221; Amethyst Druzy Crystal, Piedra Natural, Decoraci\u00f3n Mineral, Amatista Brillante, Pieza Colecci\u00f3n"},"content":{"rendered":"<p><img fetchpriority=\"high\" decoding=\"async\" class=\"wp-image-30435 aligncenter\" src=\"https:\/\/aurmuse.com\/wp-content\/uploads\/2026\/02\/IMG_20260210_102719.jpg\" alt=\"\" width=\"500\" height=\"667\" srcset=\"https:\/\/aurmuse.com\/wp-content\/uploads\/2026\/02\/IMG_20260210_102719.jpg 1920w, https:\/\/aurmuse.com\/wp-content\/uploads\/2026\/02\/IMG_20260210_102719-225x300.jpg 225w, https:\/\/aurmuse.com\/wp-content\/uploads\/2026\/02\/IMG_20260210_102719-768x1024.jpg 768w, https:\/\/aurmuse.com\/wp-content\/uploads\/2026\/02\/IMG_20260210_102719-1152x1536.jpg 1152w, https:\/\/aurmuse.com\/wp-content\/uploads\/2026\/02\/IMG_20260210_102719-1536x2048.jpg 1536w, https:\/\/aurmuse.com\/wp-content\/uploads\/2026\/02\/IMG_20260210_102719-1320x1760.jpg 1320w, https:\/\/aurmuse.com\/wp-content\/uploads\/2026\/02\/IMG_20260210_102719-600x800.jpg 600w\" sizes=\"(max-width: 500px) 100vw, 500px\" \/><\/p>\n<p style=\"text-align: center;\"><img decoding=\"async\" class=\"wp-image-30436\" src=\"https:\/\/aurmuse.com\/wp-content\/uploads\/2026\/02\/IMG_20260210_102801.jpg\" alt=\"\" width=\"500\" height=\"667\" srcset=\"https:\/\/aurmuse.com\/wp-content\/uploads\/2026\/02\/IMG_20260210_102801.jpg 1920w, https:\/\/aurmuse.com\/wp-content\/uploads\/2026\/02\/IMG_20260210_102801-225x300.jpg 225w, https:\/\/aurmuse.com\/wp-content\/uploads\/2026\/02\/IMG_20260210_102801-768x1024.jpg 768w, https:\/\/aurmuse.com\/wp-content\/uploads\/2026\/02\/IMG_20260210_102801-1152x1536.jpg 1152w, https:\/\/aurmuse.com\/wp-content\/uploads\/2026\/02\/IMG_20260210_102801-1536x2048.jpg 1536w, https:\/\/aurmuse.com\/wp-content\/uploads\/2026\/02\/IMG_20260210_102801-1320x1760.jpg 1320w, https:\/\/aurmuse.com\/wp-content\/uploads\/2026\/02\/IMG_20260210_102801-600x800.jpg 600w\" sizes=\"(max-width: 500px) 100vw, 500px\" \/><\/p>\n<p style=\"text-align: center;\"><img decoding=\"async\" class=\"aligncenter wp-image-30439\" src=\"https:\/\/aurmuse.com\/wp-content\/uploads\/2026\/02\/IMG_20260210_102958.jpg\" alt=\"\" width=\"500\" height=\"667\" srcset=\"https:\/\/aurmuse.com\/wp-content\/uploads\/2026\/02\/IMG_20260210_102958.jpg 1920w, https:\/\/aurmuse.com\/wp-content\/uploads\/2026\/02\/IMG_20260210_102958-225x300.jpg 225w, https:\/\/aurmuse.com\/wp-content\/uploads\/2026\/02\/IMG_20260210_102958-768x1024.jpg 768w, https:\/\/aurmuse.com\/wp-content\/uploads\/2026\/02\/IMG_20260210_102958-1152x1536.jpg 1152w, https:\/\/aurmuse.com\/wp-content\/uploads\/2026\/02\/IMG_20260210_102958-1536x2048.jpg 1536w, https:\/\/aurmuse.com\/wp-content\/uploads\/2026\/02\/IMG_20260210_102958-1320x1760.jpg 1320w, https:\/\/aurmuse.com\/wp-content\/uploads\/2026\/02\/IMG_20260210_102958-600x800.jpg 600w\" sizes=\"(max-width: 500px) 100vw, 500px\" \/><\/p>\n<p style=\"text-align: center;\"><img loading=\"lazy\" decoding=\"async\" class=\"aligncenter wp-image-30440\" src=\"https:\/\/aurmuse.com\/wp-content\/uploads\/2026\/02\/IMG_20260210_103024.jpg\" alt=\"\" width=\"500\" height=\"667\" srcset=\"https:\/\/aurmuse.com\/wp-content\/uploads\/2026\/02\/IMG_20260210_103024.jpg 1920w, https:\/\/aurmuse.com\/wp-content\/uploads\/2026\/02\/IMG_20260210_103024-225x300.jpg 225w, https:\/\/aurmuse.com\/wp-content\/uploads\/2026\/02\/IMG_20260210_103024-768x1024.jpg 768w, https:\/\/aurmuse.com\/wp-content\/uploads\/2026\/02\/IMG_20260210_103024-1152x1536.jpg 1152w, https:\/\/aurmuse.com\/wp-content\/uploads\/2026\/02\/IMG_20260210_103024-1536x2048.jpg 1536w, https:\/\/aurmuse.com\/wp-content\/uploads\/2026\/02\/IMG_20260210_103024-1320x1760.jpg 1320w, https:\/\/aurmuse.com\/wp-content\/uploads\/2026\/02\/IMG_20260210_103024-600x800.jpg 600w\" sizes=\"(max-width: 500px) 100vw, 500px\" \/><\/p>\n<p style=\"text-align: center;\"><img loading=\"lazy\" decoding=\"async\" class=\"aligncenter wp-image-30443\" src=\"https:\/\/aurmuse.com\/wp-content\/uploads\/2026\/02\/IMG_20260210_103153.jpg\" alt=\"\" width=\"500\" height=\"667\" srcset=\"https:\/\/aurmuse.com\/wp-content\/uploads\/2026\/02\/IMG_20260210_103153.jpg 1920w, https:\/\/aurmuse.com\/wp-content\/uploads\/2026\/02\/IMG_20260210_103153-225x300.jpg 225w, https:\/\/aurmuse.com\/wp-content\/uploads\/2026\/02\/IMG_20260210_103153-768x1024.jpg 768w, https:\/\/aurmuse.com\/wp-content\/uploads\/2026\/02\/IMG_20260210_103153-1152x1536.jpg 1152w, https:\/\/aurmuse.com\/wp-content\/uploads\/2026\/02\/IMG_20260210_103153-1536x2048.jpg 1536w, https:\/\/aurmuse.com\/wp-content\/uploads\/2026\/02\/IMG_20260210_103153-1320x1760.jpg 1320w, https:\/\/aurmuse.com\/wp-content\/uploads\/2026\/02\/IMG_20260210_103153-600x800.jpg 600w\" sizes=\"(max-width: 500px) 100vw, 500px\" \/><\/p>\n<p style=\"text-align: center;\"><img loading=\"lazy\" decoding=\"async\" class=\"aligncenter wp-image-30444\" src=\"https:\/\/aurmuse.com\/wp-content\/uploads\/2026\/02\/IMG_20260210_103220.jpg\" alt=\"\" width=\"500\" height=\"667\" srcset=\"https:\/\/aurmuse.com\/wp-content\/uploads\/2026\/02\/IMG_20260210_103220.jpg 1920w, https:\/\/aurmuse.com\/wp-content\/uploads\/2026\/02\/IMG_20260210_103220-225x300.jpg 225w, https:\/\/aurmuse.com\/wp-content\/uploads\/2026\/02\/IMG_20260210_103220-768x1024.jpg 768w, https:\/\/aurmuse.com\/wp-content\/uploads\/2026\/02\/IMG_20260210_103220-1152x1536.jpg 1152w, https:\/\/aurmuse.com\/wp-content\/uploads\/2026\/02\/IMG_20260210_103220-1536x2048.jpg 1536w, https:\/\/aurmuse.com\/wp-content\/uploads\/2026\/02\/IMG_20260210_103220-1320x1760.jpg 1320w, https:\/\/aurmuse.com\/wp-content\/uploads\/2026\/02\/IMG_20260210_103220-600x800.jpg 600w\" sizes=\"(max-width: 500px) 100vw, 500px\" \/><\/p>\n<p style=\"text-align: center;\"><img loading=\"lazy\" decoding=\"async\" class=\"wp-image-30438\" src=\"https:\/\/aurmuse.com\/wp-content\/uploads\/2026\/02\/IMG_20260210_102923.jpg\" alt=\"\" width=\"500\" height=\"667\" srcset=\"https:\/\/aurmuse.com\/wp-content\/uploads\/2026\/02\/IMG_20260210_102923.jpg 1920w, https:\/\/aurmuse.com\/wp-content\/uploads\/2026\/02\/IMG_20260210_102923-225x300.jpg 225w, https:\/\/aurmuse.com\/wp-content\/uploads\/2026\/02\/IMG_20260210_102923-768x1024.jpg 768w, https:\/\/aurmuse.com\/wp-content\/uploads\/2026\/02\/IMG_20260210_102923-1152x1536.jpg 1152w, https:\/\/aurmuse.com\/wp-content\/uploads\/2026\/02\/IMG_20260210_102923-1536x2048.jpg 1536w, https:\/\/aurmuse.com\/wp-content\/uploads\/2026\/02\/IMG_20260210_102923-1320x1760.jpg 1320w, https:\/\/aurmuse.com\/wp-content\/uploads\/2026\/02\/IMG_20260210_102923-600x800.jpg 600w\" sizes=\"(max-width: 500px) 100vw, 500px\" \/><\/p>\n<p style=\"text-align: center;\"><img loading=\"lazy\" decoding=\"async\" class=\"aligncenter wp-image-30441\" src=\"https:\/\/aurmuse.com\/wp-content\/uploads\/2026\/02\/IMG_20260210_103105.jpg\" alt=\"\" width=\"500\" height=\"667\" srcset=\"https:\/\/aurmuse.com\/wp-content\/uploads\/2026\/02\/IMG_20260210_103105.jpg 1920w, https:\/\/aurmuse.com\/wp-content\/uploads\/2026\/02\/IMG_20260210_103105-225x300.jpg 225w, https:\/\/aurmuse.com\/wp-content\/uploads\/2026\/02\/IMG_20260210_103105-768x1024.jpg 768w, https:\/\/aurmuse.com\/wp-content\/uploads\/2026\/02\/IMG_20260210_103105-1152x1536.jpg 1152w, https:\/\/aurmuse.com\/wp-content\/uploads\/2026\/02\/IMG_20260210_103105-1536x2048.jpg 1536w, https:\/\/aurmuse.com\/wp-content\/uploads\/2026\/02\/IMG_20260210_103105-1320x1760.jpg 1320w, https:\/\/aurmuse.com\/wp-content\/uploads\/2026\/02\/IMG_20260210_103105-600x800.jpg 600w\" sizes=\"(max-width: 500px) 100vw, 500px\" \/><\/p>\n<p style=\"text-align: center;\"><img loading=\"lazy\" decoding=\"async\" class=\"aligncenter wp-image-30442\" src=\"https:\/\/aurmuse.com\/wp-content\/uploads\/2026\/02\/IMG_20260210_103132.jpg\" alt=\"\" width=\"500\" height=\"667\" srcset=\"https:\/\/aurmuse.com\/wp-content\/uploads\/2026\/02\/IMG_20260210_103132.jpg 1920w, https:\/\/aurmuse.com\/wp-content\/uploads\/2026\/02\/IMG_20260210_103132-225x300.jpg 225w, https:\/\/aurmuse.com\/wp-content\/uploads\/2026\/02\/IMG_20260210_103132-768x1024.jpg 768w, https:\/\/aurmuse.com\/wp-content\/uploads\/2026\/02\/IMG_20260210_103132-1152x1536.jpg 1152w, https:\/\/aurmuse.com\/wp-content\/uploads\/2026\/02\/IMG_20260210_103132-1536x2048.jpg 1536w, https:\/\/aurmuse.com\/wp-content\/uploads\/2026\/02\/IMG_20260210_103132-1320x1760.jpg 1320w, https:\/\/aurmuse.com\/wp-content\/uploads\/2026\/02\/IMG_20260210_103132-600x800.jpg 600w\" sizes=\"(max-width: 500px) 100vw, 500px\" \/><\/p>\n<p style=\"text-align: center;\"><img loading=\"lazy\" decoding=\"async\" class=\"aligncenter wp-image-30445\" src=\"https:\/\/aurmuse.com\/wp-content\/uploads\/2026\/02\/IMG_20260210_103250.jpg\" alt=\"\" width=\"500\" height=\"667\" srcset=\"https:\/\/aurmuse.com\/wp-content\/uploads\/2026\/02\/IMG_20260210_103250.jpg 1920w, https:\/\/aurmuse.com\/wp-content\/uploads\/2026\/02\/IMG_20260210_103250-225x300.jpg 225w, https:\/\/aurmuse.com\/wp-content\/uploads\/2026\/02\/IMG_20260210_103250-768x1024.jpg 768w, https:\/\/aurmuse.com\/wp-content\/uploads\/2026\/02\/IMG_20260210_103250-1152x1536.jpg 1152w, https:\/\/aurmuse.com\/wp-content\/uploads\/2026\/02\/IMG_20260210_103250-1536x2048.jpg 1536w, https:\/\/aurmuse.com\/wp-content\/uploads\/2026\/02\/IMG_20260210_103250-1320x1760.jpg 1320w, https:\/\/aurmuse.com\/wp-content\/uploads\/2026\/02\/IMG_20260210_103250-600x800.jpg 600w\" sizes=\"(max-width: 500px) 100vw, 500px\" \/><\/p>\n<p style=\"text-align: center;\"><img loading=\"lazy\" decoding=\"async\" class=\"aligncenter wp-image-30446\" src=\"https:\/\/aurmuse.com\/wp-content\/uploads\/2026\/02\/IMG_20260210_103333.jpg\" alt=\"\" width=\"500\" height=\"667\" srcset=\"https:\/\/aurmuse.com\/wp-content\/uploads\/2026\/02\/IMG_20260210_103333.jpg 1920w, https:\/\/aurmuse.com\/wp-content\/uploads\/2026\/02\/IMG_20260210_103333-225x300.jpg 225w, https:\/\/aurmuse.com\/wp-content\/uploads\/2026\/02\/IMG_20260210_103333-768x1024.jpg 768w, https:\/\/aurmuse.com\/wp-content\/uploads\/2026\/02\/IMG_20260210_103333-1152x1536.jpg 1152w, https:\/\/aurmuse.com\/wp-content\/uploads\/2026\/02\/IMG_20260210_103333-1536x2048.jpg 1536w, https:\/\/aurmuse.com\/wp-content\/uploads\/2026\/02\/IMG_20260210_103333-1320x1760.jpg 1320w, https:\/\/aurmuse.com\/wp-content\/uploads\/2026\/02\/IMG_20260210_103333-600x800.jpg 600w\" sizes=\"(max-width: 500px) 100vw, 500px\" \/><\/p>\n<p style=\"text-align: center;\"><img loading=\"lazy\" decoding=\"async\" class=\"aligncenter wp-image-30447\" src=\"https:\/\/aurmuse.com\/wp-content\/uploads\/2026\/02\/IMG_20260210_103356.jpg\" alt=\"\" width=\"500\" height=\"667\" srcset=\"https:\/\/aurmuse.com\/wp-content\/uploads\/2026\/02\/IMG_20260210_103356.jpg 1920w, https:\/\/aurmuse.com\/wp-content\/uploads\/2026\/02\/IMG_20260210_103356-225x300.jpg 225w, https:\/\/aurmuse.com\/wp-content\/uploads\/2026\/02\/IMG_20260210_103356-768x1024.jpg 768w, https:\/\/aurmuse.com\/wp-content\/uploads\/2026\/02\/IMG_20260210_103356-1152x1536.jpg 1152w, https:\/\/aurmuse.com\/wp-content\/uploads\/2026\/02\/IMG_20260210_103356-1536x2048.jpg 1536w, https:\/\/aurmuse.com\/wp-content\/uploads\/2026\/02\/IMG_20260210_103356-1320x1760.jpg 1320w, https:\/\/aurmuse.com\/wp-content\/uploads\/2026\/02\/IMG_20260210_103356-600x800.jpg 600w\" sizes=\"(max-width: 500px) 100vw, 500px\" \/><\/p>\n<p style=\"text-align: center;\"><img loading=\"lazy\" decoding=\"async\" class=\"aligncenter wp-image-30448\" src=\"https:\/\/aurmuse.com\/wp-content\/uploads\/2026\/02\/IMG_20260210_103424.jpg\" alt=\"\" width=\"500\" height=\"667\" srcset=\"https:\/\/aurmuse.com\/wp-content\/uploads\/2026\/02\/IMG_20260210_103424.jpg 1920w, https:\/\/aurmuse.com\/wp-content\/uploads\/2026\/02\/IMG_20260210_103424-225x300.jpg 225w, https:\/\/aurmuse.com\/wp-content\/uploads\/2026\/02\/IMG_20260210_103424-768x1024.jpg 768w, https:\/\/aurmuse.com\/wp-content\/uploads\/2026\/02\/IMG_20260210_103424-1152x1536.jpg 1152w, https:\/\/aurmuse.com\/wp-content\/uploads\/2026\/02\/IMG_20260210_103424-1536x2048.jpg 1536w, https:\/\/aurmuse.com\/wp-content\/uploads\/2026\/02\/IMG_20260210_103424-1320x1760.jpg 1320w, https:\/\/aurmuse.com\/wp-content\/uploads\/2026\/02\/IMG_20260210_103424-600x800.jpg 600w\" sizes=\"(max-width: 500px) 100vw, 500px\" \/><\/p>\n<p style=\"text-align: center;\"><img loading=\"lazy\" decoding=\"async\" class=\"aligncenter wp-image-30451\" src=\"https:\/\/aurmuse.com\/wp-content\/uploads\/2026\/02\/IMG_20260210_103508.jpg\" alt=\"\" width=\"500\" height=\"667\" srcset=\"https:\/\/aurmuse.com\/wp-content\/uploads\/2026\/02\/IMG_20260210_103508.jpg 1920w, https:\/\/aurmuse.com\/wp-content\/uploads\/2026\/02\/IMG_20260210_103508-225x300.jpg 225w, https:\/\/aurmuse.com\/wp-content\/uploads\/2026\/02\/IMG_20260210_103508-768x1024.jpg 768w, https:\/\/aurmuse.com\/wp-content\/uploads\/2026\/02\/IMG_20260210_103508-1152x1536.jpg 1152w, https:\/\/aurmuse.com\/wp-content\/uploads\/2026\/02\/IMG_20260210_103508-1536x2048.jpg 1536w, https:\/\/aurmuse.com\/wp-content\/uploads\/2026\/02\/IMG_20260210_103508-1320x1760.jpg 1320w, https:\/\/aurmuse.com\/wp-content\/uploads\/2026\/02\/IMG_20260210_103508-600x800.jpg 600w\" sizes=\"(max-width: 500px) 100vw, 500px\" \/><\/p>\n<p style=\"text-align: center;\"><img loading=\"lazy\" decoding=\"async\" class=\"aligncenter wp-image-30452\" src=\"https:\/\/aurmuse.com\/wp-content\/uploads\/2026\/02\/IMG_20260210_103542.jpg\" alt=\"\" width=\"500\" height=\"667\" srcset=\"https:\/\/aurmuse.com\/wp-content\/uploads\/2026\/02\/IMG_20260210_103542.jpg 1920w, https:\/\/aurmuse.com\/wp-content\/uploads\/2026\/02\/IMG_20260210_103542-225x300.jpg 225w, https:\/\/aurmuse.com\/wp-content\/uploads\/2026\/02\/IMG_20260210_103542-768x1024.jpg 768w, https:\/\/aurmuse.com\/wp-content\/uploads\/2026\/02\/IMG_20260210_103542-1152x1536.jpg 1152w, https:\/\/aurmuse.com\/wp-content\/uploads\/2026\/02\/IMG_20260210_103542-1536x2048.jpg 1536w, https:\/\/aurmuse.com\/wp-content\/uploads\/2026\/02\/IMG_20260210_103542-1320x1760.jpg 1320w, https:\/\/aurmuse.com\/wp-content\/uploads\/2026\/02\/IMG_20260210_103542-600x800.jpg 600w\" sizes=\"(max-width: 500px) 100vw, 500px\" \/><\/p>\n<p style=\"text-align: center;\"><img loading=\"lazy\" decoding=\"async\" class=\"aligncenter wp-image-30453\" src=\"https:\/\/aurmuse.com\/wp-content\/uploads\/2026\/02\/IMG_20260210_105429.jpg\" alt=\"\" width=\"500\" height=\"664\" srcset=\"https:\/\/aurmuse.com\/wp-content\/uploads\/2026\/02\/IMG_20260210_105429.jpg 1928w, https:\/\/aurmuse.com\/wp-content\/uploads\/2026\/02\/IMG_20260210_105429-226x300.jpg 226w, https:\/\/aurmuse.com\/wp-content\/uploads\/2026\/02\/IMG_20260210_105429-771x1024.jpg 771w, https:\/\/aurmuse.com\/wp-content\/uploads\/2026\/02\/IMG_20260210_105429-768x1020.jpg 768w, https:\/\/aurmuse.com\/wp-content\/uploads\/2026\/02\/IMG_20260210_105429-1157x1536.jpg 1157w, https:\/\/aurmuse.com\/wp-content\/uploads\/2026\/02\/IMG_20260210_105429-1542x2048.jpg 1542w, https:\/\/aurmuse.com\/wp-content\/uploads\/2026\/02\/IMG_20260210_105429-1320x1753.jpg 1320w, https:\/\/aurmuse.com\/wp-content\/uploads\/2026\/02\/IMG_20260210_105429-600x797.jpg 600w\" sizes=\"(max-width: 500px) 100vw, 500px\" \/><\/p>\n<p style=\"text-align: center;\"><img loading=\"lazy\" decoding=\"async\" class=\"aligncenter wp-image-30455\" src=\"https:\/\/aurmuse.com\/wp-content\/uploads\/2026\/02\/IMG_20260210_105508.jpg\" alt=\"\" width=\"500\" height=\"664\" srcset=\"https:\/\/aurmuse.com\/wp-content\/uploads\/2026\/02\/IMG_20260210_105508.jpg 1927w, https:\/\/aurmuse.com\/wp-content\/uploads\/2026\/02\/IMG_20260210_105508-226x300.jpg 226w, https:\/\/aurmuse.com\/wp-content\/uploads\/2026\/02\/IMG_20260210_105508-771x1024.jpg 771w, https:\/\/aurmuse.com\/wp-content\/uploads\/2026\/02\/IMG_20260210_105508-768x1020.jpg 768w, https:\/\/aurmuse.com\/wp-content\/uploads\/2026\/02\/IMG_20260210_105508-1156x1536.jpg 1156w, https:\/\/aurmuse.com\/wp-content\/uploads\/2026\/02\/IMG_20260210_105508-1542x2048.jpg 1542w, https:\/\/aurmuse.com\/wp-content\/uploads\/2026\/02\/IMG_20260210_105508-1320x1754.jpg 1320w, https:\/\/aurmuse.com\/wp-content\/uploads\/2026\/02\/IMG_20260210_105508-600x797.jpg 600w\" sizes=\"(max-width: 500px) 100vw, 500px\" \/><\/p>\n<p><img loading=\"lazy\" decoding=\"async\" class=\"aligncenter wp-image-30457\" src=\"https:\/\/aurmuse.com\/wp-content\/uploads\/2026\/02\/IMG_20260210_105540.jpg\" alt=\"\" width=\"500\" height=\"664\" srcset=\"https:\/\/aurmuse.com\/wp-content\/uploads\/2026\/02\/IMG_20260210_105540.jpg 1927w, https:\/\/aurmuse.com\/wp-content\/uploads\/2026\/02\/IMG_20260210_105540-226x300.jpg 226w, https:\/\/aurmuse.com\/wp-content\/uploads\/2026\/02\/IMG_20260210_105540-771x1024.jpg 771w, https:\/\/aurmuse.com\/wp-content\/uploads\/2026\/02\/IMG_20260210_105540-768x1020.jpg 768w, https:\/\/aurmuse.com\/wp-content\/uploads\/2026\/02\/IMG_20260210_105540-1156x1536.jpg 1156w, https:\/\/aurmuse.com\/wp-content\/uploads\/2026\/02\/IMG_20260210_105540-1542x2048.jpg 1542w, https:\/\/aurmuse.com\/wp-content\/uploads\/2026\/02\/IMG_20260210_105540-1320x1754.jpg 1320w, https:\/\/aurmuse.com\/wp-content\/uploads\/2026\/02\/IMG_20260210_105540-600x797.jpg 600w\" sizes=\"(max-width: 500px) 100vw, 500px\" \/><\/p>\n","protected":false},"excerpt":{"rendered":"<div class=\"u-text-wrap\">\n<p>\ud83d\udccf 75 \u00d7 61 \u00d7 34 mm, 225 g<br \/>\nIncludes metal display stand. You will receive the exact item pictured. <\/p>\n<p>\ud83d\udc96Unlike most pieces, this one is made entirely of amethyst, including the back, without an agate base.<br \/>\nA natural amethyst geode in a teardrop shape, carved to highlight its beauty while maintaining the front with well-defined and brilliant druse crystals.<\/p>\n<p>\ud83d\udc9c The crystals are very clear and transparent, with no visible inclusions. Depending on the lighting, the brightness may vary, but in person they show excellent natural clarity. <\/p>\n<p>\ud83c\udf1f Unlike raw geodes, this piece has been carefully cut and shaped, preserving the natural texture of the crystals on the front.<br \/>\nIts thickness allows it to be displayed both vertically and horizontally.<\/p>\n<p>The back is also made of natural amethyst (without an agate base), providing a more homogeneous and higher quality finish.<\/p>\n<p>Ideal as a decorative piece, collector&#8217;s item, or special element for any space.<\/p>\n<p>\ud83d\udd2e Chakras<br \/>\n\u2022 Crown Chakra (Sahasrara) \u2013 associated with calm, clarity, and balance<br \/>\n\u2022 Third Eye Chakra (Ajna) \u2013 related to intuition and perception<\/p>\n<p>\ud83d\udc8e Energy and Meaning<br \/>\nAmethyst is associated with mental calm, emotional balance, and intuition.<br \/>\nIt is considered a stone that helps create a serene and harmonious environment.<\/p>\n<p>\u2728 Energy Properties<br \/>\n\u2022 Promotes tranquility and mental clarity<br \/>\n\u2022 Associated with intuition and balance<br \/>\n\u2022 Brings harmony to a space<br \/>\n\u2022 Ideal for decoration or meditation<\/p>\n<p>\ud83c\udf3f Natural piece<br \/>\nEach piece features unique formations created by nature, with slight variations in crystallization and internal shape.<\/p>\n<\/div>\n","protected":false},"featured_media":30481,"comment_status":"open","ping_status":"closed","template":"","meta":{"_eb_attr":"","content-type":"","_monsterinsights_skip_tracking":false,"_monsterinsights_sitenote_active":false,"_monsterinsights_sitenote_note":"","_monsterinsights_sitenote_category":0,"_themeisle_gutenberg_block_has_review":false},"product_brand":[],"product_cat":[796,797],"product_tag":[],"class_list":{"0":"post-30431","1":"product","2":"type-product","3":"status-publish","4":"has-post-thumbnail","6":"product_cat-crystals-energy","7":"product_cat-energy-crystals","9":"first","10":"instock","11":"shipping-taxable","12":"purchasable","13":"product-type-simple"},"aioseo_notices":[],"jetpack_sharing_enabled":true,"_links":{"self":[{"href":"https:\/\/aurmuse.com\/en\/wp-json\/wp\/v2\/product\/30431","targetHints":{"allow":["GET"]}}],"collection":[{"href":"https:\/\/aurmuse.com\/en\/wp-json\/wp\/v2\/product"}],"about":[{"href":"https:\/\/aurmuse.com\/en\/wp-json\/wp\/v2\/types\/product"}],"replies":[{"embeddable":true,"href":"https:\/\/aurmuse.com\/en\/wp-json\/wp\/v2\/comments?post=30431"}],"version-history":[{"count":3,"href":"https:\/\/aurmuse.com\/en\/wp-json\/wp\/v2\/product\/30431\/revisions"}],"predecessor-version":[{"id":32908,"href":"https:\/\/aurmuse.com\/en\/wp-json\/wp\/v2\/product\/30431\/revisions\/32908"}],"wp:featuredmedia":[{"embeddable":true,"href":"https:\/\/aurmuse.com\/en\/wp-json\/wp\/v2\/media\/30481"}],"wp:attachment":[{"href":"https:\/\/aurmuse.com\/en\/wp-json\/wp\/v2\/media?parent=30431"}],"wp:term":[{"taxonomy":"product_brand","embeddable":true,"href":"https:\/\/aurmuse.com\/en\/wp-json\/wp\/v2\/product_brand?post=30431"},{"taxonomy":"product_cat","embeddable":true,"href":"https:\/\/aurmuse.com\/en\/wp-json\/wp\/v2\/product_cat?post=30431"},{"taxonomy":"product_tag","embeddable":true,"href":"https:\/\/aurmuse.com\/en\/wp-json\/wp\/v2\/product_tag?post=30431"}],"curies":[{"name":"wp","href":"https:\/\/api.w.org\/{rel}","templated":true}]}}